{"id":4237,"date":"2024-04-21T22:19:14","date_gmt":"2024-04-21T20:19:14","guid":{"rendered":"https:\/\/arnaudchneiweiss.com\/?page_id=4237"},"modified":"2024-04-21T22:21:14","modified_gmt":"2024-04-21T20:21:14","slug":"politique-de-confidentialite","status":"publish","type":"page","link":"https:\/\/arnaudchneiweiss.com\/en\/politique-de-confidentialite\/","title":{"rendered":"Politique de Confidentialit\u00e9"},"content":{"rendered":"<p><\/p>\n\n\n\n<p><strong>1. Introduction<\/strong> Dans le cadre de l&rsquo;utilisation du site Arnaud Chneiweiss (<a href=\"https:\/\/arnaudchneiweiss.com\/en\/\"> https:\/\/arnaudchneiweiss.com<\/a>), nous accordons une importance majeure \u00e0 la protection de la vie priv\u00e9e et des donn\u00e9es personnelles de nos utilisateurs. Cette politique vise \u00e0 vous informer des pratiques concernant la collecte, l&rsquo;utilisation et le partage des informations que vous \u00eates amen\u00e9s \u00e0 nous fournir.<\/p>\n\n\n\n<p><strong>2. Collecte des donn\u00e9es personnelles<\/strong> Les informations personnelles pouvant \u00eatre collect\u00e9es sur le site sont principalement utilis\u00e9es par l&rsquo;\u00e9diteur pour la gestion des relations avec vous, et le cas \u00e9ch\u00e9ant pour le traitement de vos commandes. Les donn\u00e9es collect\u00e9es incluent, sans s&rsquo;y limiter, votre nom, adresse email, num\u00e9ros de t\u00e9l\u00e9phone, adresse postale, donn\u00e9es de connexion et navigation, commandes de produits, pr\u00e9f\u00e9rences et int\u00e9r\u00eats.<\/p>\n\n\n\n<p><strong>3. Utilisation des donn\u00e9es<\/strong> Les donn\u00e9es collect\u00e9es par le site Arnaud Chneiweiss sont utilis\u00e9es pour assurer le bon fonctionnement et l&rsquo;am\u00e9lioration continue des services du site, r\u00e9aliser des op\u00e9rations relatives \u00e0 la gestion des clients concernant les contrats, les commandes, les livraisons, les factures, la fid\u00e9lit\u00e9, le suivi de la relation client, la gestion des avis des personnes sur des produits, services ou contenus.<\/p>\n\n\n\n<p><strong>4. Droits de l&rsquo;utilisateur<\/strong> Conform\u00e9ment \u00e0 la loi Informatique et Libert\u00e9s et au R\u00e8glement G\u00e9n\u00e9ral sur la Protection des Donn\u00e9es (RGPD), vous disposez des droits suivants concernant vos donn\u00e9es personnelles: droit d\u2019acc\u00e8s, de rectification, de suppression, de limitation, de portabilit\u00e9, et de contestation des donn\u00e9es personnelles vous concernant. Pour exercer ces droits, l&rsquo;utilisateur doit envoyer un message \u00e0 l&rsquo;adresse \u00e9lectronique sp\u00e9cifi\u00e9e dans la section contact du site.<\/p>\n\n\n\n<p><strong>5. Partage des donn\u00e9es personnelles<\/strong> Les donn\u00e9es personnelles collect\u00e9es par le site ne sont transmises \u00e0 aucun tiers et sont trait\u00e9es uniquement par le site Arnaud Chneiweiss. Aucun transfert de donn\u00e9es hors de l&rsquo;Union europ\u00e9enne n&rsquo;est r\u00e9alis\u00e9.<\/p>\n\n\n\n<p><strong>6. S\u00e9curit\u00e9 des donn\u00e9es<\/strong> Le site s&rsquo;engage \u00e0 mettre en \u0153uvre des mesures de s\u00e9curit\u00e9 appropri\u00e9es pour pr\u00e9server la confidentialit\u00e9 des donn\u00e9es personnelles contre les acc\u00e8s non autoris\u00e9s et toute forme de traitement illicite ou divulgation, alt\u00e9ration ou destruction.<\/p>\n\n\n\n<p><strong>7. Utilisation des cookies<\/strong> Le site peut utiliser des \u00ab\u00a0cookies\u00a0\u00bb pour permettre une meilleure navigation sur le site, et une meilleure personnalisation des contenus et des services bas\u00e9s sur les pr\u00e9f\u00e9rences de l&rsquo;utilisateur. Un cookie est un fichier de petite taille envoy\u00e9 sur l&rsquo;ordinateur de l&rsquo;utilisateur et stock\u00e9 sur son disque dur. Vous pouvez toutefois d\u00e9sactiver l&rsquo;utilisation des cookies par le biais des param\u00e8tres de votre navigateur.<\/p>\n\n\n\n<p><strong>8. Modifications de la politique de confidentialit\u00e9<\/strong> Le site se r\u00e9serve le droit de modifier la politique de confidentialit\u00e9 \u00e0 tout moment. Les modifications entreront en vigueur d\u00e8s leur publication sur le site. Les utilisateurs sont donc invit\u00e9s \u00e0 consulter r\u00e9guli\u00e8rement cette politique pour rester inform\u00e9s des mises \u00e0 jour.<\/p>\n\n\n\n<p><strong>9. Contact<\/strong> Pour toute question ou r\u00e9clamation concernant cette politique de confidentialit\u00e9 ou la gestion de vos donn\u00e9es personnelles, vous pouvez contacter Arnaud Chneiweiss, par le <a href=\"https:\/\/arnaudchneiweiss.com\/en\/contact-us\/\" data-type=\"link\" data-id=\"https:\/\/arnaudchneiweiss.com\/contact-us\/\">formulaire de contact<\/a> du site.<\/p>","protected":false},"excerpt":{"rendered":"<p>1. Introduction Dans le cadre de l&rsquo;utilisation du site Arnaud Chneiweiss ( https:\/\/arnaudchneiweiss.com), nous accordons une importance majeure \u00e0 la protection de la vie priv\u00e9e et des donn\u00e9es personnelles de [&hellip;]<\/p>","protected":false},"author":2,"featured_media":0,"parent":0,"menu_order":0,"comment_status":"closed","ping_status":"closed","template":"","meta":{"footnotes":""},"class_list":["post-4237","page","type-page","status-publish","hentry"],"_links":{"self":[{"href":"https:\/\/arnaudchneiweiss.com\/en\/wp-json\/wp\/v2\/pages\/4237","targetHints":{"allow":["GET"]}}],"collection":[{"href":"https:\/\/arnaudchneiweiss.com\/en\/wp-json\/wp\/v2\/pages"}],"about":[{"href":"https:\/\/arnaudchneiweiss.com\/en\/wp-json\/wp\/v2\/types\/page"}],"author":[{"embeddable":true,"href":"https:\/\/arnaudchneiweiss.com\/en\/wp-json\/wp\/v2\/users\/2"}],"replies":[{"embeddable":true,"href":"https:\/\/arnaudchneiweiss.com\/en\/wp-json\/wp\/v2\/comments?post=4237"}],"version-history":[{"count":2,"href":"https:\/\/arnaudchneiweiss.com\/en\/wp-json\/wp\/v2\/pages\/4237\/revisions"}],"predecessor-version":[{"id":4240,"href":"https:\/\/arnaudchneiweiss.com\/en\/wp-json\/wp\/v2\/pages\/4237\/revisions\/4240"}],"wp:attachment":[{"href":"https:\/\/arnaudchneiweiss.com\/en\/wp-json\/wp\/v2\/media?parent=4237"}],"curies":[{"name":"wp","href":"https:\/\/api.w.org\/{rel}","templated":true}]}}