{"id":2204,"date":"2023-10-04T03:12:01","date_gmt":"2023-10-04T03:12:01","guid":{"rendered":"https:\/\/authore.g5plus.net\/product\/javascript-proof-of-work-ideas-copy\/"},"modified":"2024-04-23T20:52:41","modified_gmt":"2024-04-23T18:52:41","slug":"schiste-noir","status":"publish","type":"product","link":"https:\/\/arnaudchneiweiss.com\/en\/product\/schiste-noir\/","title":{"rendered":"Schiste noir"},"content":{"rendered":"","protected":false},"excerpt":{"rendered":"<p><strong><span class=\"a-text-bold\">ATTENTION SUSPENSE ! Et s&rsquo;il y avait du gaz de schiste en France ? Un thriller haletant.<\/span><\/strong><\/p>\n<p>Une question br\u00fblante hante Hubert Howard. Et s&rsquo;il y avait du gaz de schiste en France ? \u00c0 la t\u00eate de son empire Futur \u00c9nergie, cet industriel aventurier nourrit, au soir de sa vie, un dernier r\u00eave un peu fou qui changerait tout : faire de la France une grande puissance p\u00e9troli\u00e8re et gazi\u00e8re. Pour assurer son ind\u00e9pendance \u00e9nerg\u00e9tique, pour relancer sa croissance.<\/p>\n<p>Son projet, qui redistribue toutes les cartes financi\u00e8res et bouleverse les relations g\u00e9opolitiques, est en pleine avanc\u00e9e lorsque Hubert est assassin\u00e9.<\/p>\n<p>Qui l&rsquo;a tu\u00e9 ? Les services secrets fran\u00e7ais ? Des \u00e9cologistes radicaux ? Les Aborig\u00e8nes australiens, propri\u00e9taires de riches gisements d&rsquo;uranium qu&rsquo;il r\u00eavait aussi d&rsquo;exploiter, au m\u00e9pris du caract\u00e8re sacr\u00e9 des terres ? Des oligarques russes aux m\u00e9thodes exp\u00e9ditives ? Un procureur v\u00e9reux de New York, des r\u00e9assureurs bermudiens avides&#8230; ?<\/p>\n<p>V\u00e9ritable plong\u00e9e au c\u0153ur du pouvoir, ce thriller au suspense haletant et aux multiples rebondissements prouve que l&rsquo;\u00e9nergie n&rsquo;est pas uniquement dans le d\u00e9sespoir.<\/p>","protected":false},"featured_media":4245,"template":"","meta":[],"product_cat":[66],"product_tag":[114,113,112],"product_publisher":[110],"class_list":{"0":"post-2204","1":"product","2":"type-product","3":"status-publish","4":"has-post-thumbnail","6":"product_cat-policier","7":"product_tag-polar","8":"product_tag-policier","9":"product_tag-roman","10":"product_publisher-cherche-midi","12":"first","13":"instock","14":"shipping-taxable","15":"product-type-external"},"_links":{"self":[{"href":"https:\/\/arnaudchneiweiss.com\/en\/wp-json\/wp\/v2\/product\/2204","targetHints":{"allow":["GET"]}}],"collection":[{"href":"https:\/\/arnaudchneiweiss.com\/en\/wp-json\/wp\/v2\/product"}],"about":[{"href":"https:\/\/arnaudchneiweiss.com\/en\/wp-json\/wp\/v2\/types\/product"}],"version-history":[{"count":8,"href":"https:\/\/arnaudchneiweiss.com\/en\/wp-json\/wp\/v2\/product\/2204\/revisions"}],"predecessor-version":[{"id":4352,"href":"https:\/\/arnaudchneiweiss.com\/en\/wp-json\/wp\/v2\/product\/2204\/revisions\/4352"}],"wp:featuredmedia":[{"embeddable":true,"href":"https:\/\/arnaudchneiweiss.com\/en\/wp-json\/wp\/v2\/media\/4245"}],"wp:attachment":[{"href":"https:\/\/arnaudchneiweiss.com\/en\/wp-json\/wp\/v2\/media?parent=2204"}],"wp:term":[{"taxonomy":"product_cat","embeddable":true,"href":"https:\/\/arnaudchneiweiss.com\/en\/wp-json\/wp\/v2\/product_cat?post=2204"},{"taxonomy":"product_tag","embeddable":true,"href":"https:\/\/arnaudchneiweiss.com\/en\/wp-json\/wp\/v2\/product_tag?post=2204"},{"taxonomy":"product_publisher","embeddable":true,"href":"https:\/\/arnaudchneiweiss.com\/en\/wp-json\/wp\/v2\/product_publisher?post=2204"}],"curies":[{"name":"wp","href":"https:\/\/api.w.org\/{rel}","templated":true}]}}