{"id":4149,"date":"2024-04-20T13:08:25","date_gmt":"2024-04-20T11:08:25","guid":{"rendered":"http:\/\/arnaudchneiweiss.com\/?post_type=product&#038;p=4149"},"modified":"2024-04-24T13:54:56","modified_gmt":"2024-04-24T11:54:56","slug":"meurtre-dans-leurostar","status":"publish","type":"product","link":"https:\/\/arnaudchneiweiss.com\/en\/product\/meurtre-dans-leurostar\/","title":{"rendered":"Meurtre dans l&rsquo;Eurostar"},"content":{"rendered":"<div data-elementor-type=\"product-post\" data-elementor-id=\"4149\" class=\"elementor elementor-4149\" data-elementor-post-type=\"product\">\n\t\t\t\t\t\t<section class=\"elementor-section elementor-top-section elementor-element elementor-element-447dc5e elementor-section-boxed elementor-section-height-default elementor-section-height-default\" data-id=\"447dc5e\" data-element_type=\"section\" data-e-type=\"section\">\n\t\t\t\t\t\t<div class=\"elementor-container elementor-column-gap-no\">\n\t\t\t\t\t<div class=\"elementor-column elementor-col-100 elementor-top-column elementor-element elementor-element-be5cca8\" data-id=\"be5cca8\" data-element_type=\"column\" data-e-type=\"column\">\n\t\t\t<div class=\"elementor-widget-wrap elementor-element-populated\">\n\t\t\t\t\t\t<div class=\"elementor-element elementor-element-b98b566 elementor-widget elementor-widget-ube-heading\" data-id=\"b98b566\" data-element_type=\"widget\" data-e-type=\"widget\" data-widget_type=\"ube-heading.default\">\n\t\t\t\t<div class=\"elementor-widget-container\">\n\t\t\t\t\t<div class=\"ube-heading\">\n\t<h2 class=\"ube-heading-title\">Interview par la cha\u00eene XERFI<\/h2><\/div>\t\t\t\t<\/div>\n\t\t\t\t<\/div>\n\t\t\t\t\t<\/div>\n\t\t<\/div>\n\t\t\t\t\t<\/div>\n\t\t<\/section>\n\t\t\t\t<section class=\"elementor-section elementor-top-section elementor-element elementor-element-66cca79 elementor-section-boxed elementor-section-height-default elementor-section-height-default\" data-id=\"66cca79\" data-element_type=\"section\" data-e-type=\"section\">\n\t\t\t\t\t\t<div class=\"elementor-container elementor-column-gap-default\">\n\t\t\t\t\t<div class=\"elementor-column elementor-col-100 elementor-top-column elementor-element elementor-element-c77405e\" data-id=\"c77405e\" data-element_type=\"column\" data-e-type=\"column\">\n\t\t\t<div class=\"elementor-widget-wrap elementor-element-populated\">\n\t\t\t\t\t\t<div class=\"elementor-element elementor-element-b7596d5 elementor-widget elementor-widget-video\" data-id=\"b7596d5\" data-element_type=\"widget\" data-e-type=\"widget\" data-settings=\"{&quot;video_type&quot;:&quot;hosted&quot;,&quot;controls&quot;:&quot;yes&quot;}\" data-widget_type=\"video.default\">\n\t\t\t\t<div class=\"elementor-widget-container\">\n\t\t\t\t\t\t\t<div class=\"e-hosted-video elementor-wrapper elementor-open-inline\">\n\t\t\t\t\t<video class=\"elementor-video\" src=\"https:\/\/arnaudchneiweiss.com\/wp-content\/uploads\/2024\/04\/Un-thriller-Meurtre-dans-l-Eurostar.mp4\" controls=\"\" preload=\"metadata\" controlslist=\"nodownload\"><\/video>\n\t\t\t\t<\/div>\n\t\t\t\t\t\t<\/div>\n\t\t\t\t<\/div>\n\t\t\t\t\t<\/div>\n\t\t<\/div>\n\t\t\t\t\t<\/div>\n\t\t<\/section>\n\t\t\t\t<\/div>","protected":false},"excerpt":{"rendered":"<p>Un scientifique id\u00e9aliste qui a besoin de fonds pour une d\u00e9couverte extraordinaire, une jeune femme ambitieuse experte des milieux \u00e9conomiques, un ministre des Finances audacieux flanqu\u00e9 d&rsquo;une \u00e9crivaine charg\u00e9e d&rsquo;\u00e9crire sa biographie et un repr\u00e9sentant de la Banque mondiale en mission secr\u00e8te. Tous ces protagonistes se retrouvent \u00e0 bord de l&rsquo;Eurostar, dans le tunnel sous la Manche, entre Paris et Londres. Mais rien ne va se passer comme pr\u00e9vu&#8230;<\/p>\n<p>Chacun raconte sa version des faits. Qui dit la v\u00e9rit\u00e9 sur l&rsquo;invention r\u00e9volutionnaire, l&rsquo;Europe en crise, le sommet franco-allemand ou le meurtre \u00e9trange ? Que voit-on ? Que nous cache-t-on ? La technique de l&rsquo;invisibilit\u00e9 du scientifique s&rsquo;\u00e9tend aux milieux politique et \u00e9conomique, surtout quand les services secrets s&rsquo;en m\u00ealent&#8230; Avec un suspense \u00e0 couper le souffle, ce polar men\u00e9 tambour battant ne l\u00e8ve le voile qu&rsquo;\u00e0 la derni\u00e8re page.<\/p>","protected":false},"featured_media":4150,"template":"","meta":[],"product_cat":[66],"product_tag":[114,113,112],"product_publisher":[110],"class_list":{"0":"post-4149","1":"product","2":"type-product","3":"status-publish","4":"has-post-thumbnail","6":"product_cat-policier","7":"product_tag-polar","8":"product_tag-policier","9":"product_tag-roman","10":"product_publisher-cherche-midi","12":"first","13":"instock","14":"shipping-taxable","15":"product-type-external"},"_links":{"self":[{"href":"https:\/\/arnaudchneiweiss.com\/en\/wp-json\/wp\/v2\/product\/4149","targetHints":{"allow":["GET"]}}],"collection":[{"href":"https:\/\/arnaudchneiweiss.com\/en\/wp-json\/wp\/v2\/product"}],"about":[{"href":"https:\/\/arnaudchneiweiss.com\/en\/wp-json\/wp\/v2\/types\/product"}],"version-history":[{"count":12,"href":"https:\/\/arnaudchneiweiss.com\/en\/wp-json\/wp\/v2\/product\/4149\/revisions"}],"predecessor-version":[{"id":4427,"href":"https:\/\/arnaudchneiweiss.com\/en\/wp-json\/wp\/v2\/product\/4149\/revisions\/4427"}],"wp:featuredmedia":[{"embeddable":true,"href":"https:\/\/arnaudchneiweiss.com\/en\/wp-json\/wp\/v2\/media\/4150"}],"wp:attachment":[{"href":"https:\/\/arnaudchneiweiss.com\/en\/wp-json\/wp\/v2\/media?parent=4149"}],"wp:term":[{"taxonomy":"product_cat","embeddable":true,"href":"https:\/\/arnaudchneiweiss.com\/en\/wp-json\/wp\/v2\/product_cat?post=4149"},{"taxonomy":"product_tag","embeddable":true,"href":"https:\/\/arnaudchneiweiss.com\/en\/wp-json\/wp\/v2\/product_tag?post=4149"},{"taxonomy":"product_publisher","embeddable":true,"href":"https:\/\/arnaudchneiweiss.com\/en\/wp-json\/wp\/v2\/product_publisher?post=4149"}],"curies":[{"name":"wp","href":"https:\/\/api.w.org\/{rel}","templated":true}]}}