{"id":4153,"date":"2024-04-20T13:20:12","date_gmt":"2024-04-20T11:20:12","guid":{"rendered":"http:\/\/arnaudchneiweiss.com\/?post_type=product&#038;p=4153"},"modified":"2024-04-23T20:56:36","modified_gmt":"2024-04-23T18:56:36","slug":"lecture-urgente","status":"publish","type":"product","link":"https:\/\/arnaudchneiweiss.com\/en\/product\/lecture-urgente\/","title":{"rendered":"Lecture urgente"},"content":{"rendered":"<div data-elementor-type=\"product-post\" data-elementor-id=\"4153\" class=\"elementor elementor-4153\" data-elementor-post-type=\"product\">\n\t\t\t\t\t\t<section class=\"elementor-section elementor-top-section elementor-element elementor-element-f1e426f elementor-section-boxed elementor-section-height-default elementor-section-height-default\" data-id=\"f1e426f\" data-element_type=\"section\" data-e-type=\"section\">\n\t\t\t\t\t\t<div class=\"elementor-container elementor-column-gap-default\">\n\t\t\t\t\t<div class=\"elementor-column elementor-col-100 elementor-top-column elementor-element elementor-element-e2a2830\" data-id=\"e2a2830\" data-element_type=\"column\" data-e-type=\"column\">\n\t\t\t<div class=\"elementor-widget-wrap elementor-element-populated\">\n\t\t\t\t\t\t<div class=\"elementor-element elementor-element-5401546 elementor-widget elementor-widget-ube-heading\" data-id=\"5401546\" data-element_type=\"widget\" data-e-type=\"widget\" data-widget_type=\"ube-heading.default\">\n\t\t\t\t<div class=\"elementor-widget-container\">\n\t\t\t\t\t<div class=\"ube-heading\">\n\t<h4 class=\"ube-heading-title\">Interview par France Bleu Normandie<\/h4><\/div>\t\t\t\t<\/div>\n\t\t\t\t<\/div>\n\t\t\t\t\t<\/div>\n\t\t<\/div>\n\t\t\t\t\t<\/div>\n\t\t<\/section>\n\t\t\t\t<section class=\"elementor-section elementor-top-section elementor-element elementor-element-e8ee6e3 elementor-section-boxed elementor-section-height-default elementor-section-height-default\" data-id=\"e8ee6e3\" data-element_type=\"section\" data-e-type=\"section\">\n\t\t\t\t\t\t<div class=\"elementor-container elementor-column-gap-default\">\n\t\t\t\t\t<div class=\"elementor-column elementor-col-33 elementor-top-column elementor-element elementor-element-d03fb61\" data-id=\"d03fb61\" data-element_type=\"column\" data-e-type=\"column\">\n\t\t\t<div class=\"elementor-widget-wrap elementor-element-populated\">\n\t\t\t\t\t\t<div class=\"elementor-element elementor-element-05d29cf elementor-widget elementor-widget-image\" data-id=\"05d29cf\" data-element_type=\"widget\" data-e-type=\"widget\" data-widget_type=\"image.default\">\n\t\t\t\t<div class=\"elementor-widget-container\">\n\t\t\t\t\t\t\t\t\t\t\t\t\t\t\t<img decoding=\"async\" width=\"150\" height=\"150\" src=\"https:\/\/arnaudchneiweiss.com\/wp-content\/uploads\/2024\/04\/Logo_France_Bleu_Haute-Normandie.jpg\" class=\"attachment-large size-large wp-image-4272\" alt=\"\" srcset=\"https:\/\/arnaudchneiweiss.com\/wp-content\/uploads\/2024\/04\/Logo_France_Bleu_Haute-Normandie.jpg 150w, https:\/\/arnaudchneiweiss.com\/wp-content\/uploads\/2024\/04\/Logo_France_Bleu_Haute-Normandie-12x12.jpg 12w\" sizes=\"(max-width: 150px) 100vw, 150px\" \/>\t\t\t\t\t\t\t\t\t\t\t\t\t\t\t<\/div>\n\t\t\t\t<\/div>\n\t\t\t\t\t<\/div>\n\t\t<\/div>\n\t\t\t\t<div class=\"elementor-column elementor-col-66 elementor-top-column elementor-element elementor-element-1cdf8d1\" data-id=\"1cdf8d1\" data-element_type=\"column\" data-e-type=\"column\">\n\t\t\t<div class=\"elementor-widget-wrap elementor-element-populated\">\n\t\t\t\t\t\t<div class=\"elementor-element elementor-element-7187759 elementor-widget elementor-widget-text-editor\" data-id=\"7187759\" data-element_type=\"widget\" data-e-type=\"widget\" data-widget_type=\"text-editor.default\">\n\t\t\t\t<div class=\"elementor-widget-container\">\n\t\t\t\t\t\t\t\t\t<p><div class=\"wp-playlist wp-audio-playlist wp-playlist-light\">\n\t\t\t<div class=\"wp-playlist-current-item\"><\/div>\n\t\t<audio controls=\"controls\" preload=\"none\" width=\"746\"\n\t\t\t><\/audio>\n\t<div class=\"wp-playlist-next\"><\/div>\n\t<div class=\"wp-playlist-prev\"><\/div>\n\t<noscript>\n\t<ol>\n\t\t<li><a href='https:\/\/arnaudchneiweiss.com\/wp-content\/uploads\/2024\/04\/France_Bleu_Normandie_201008_leture_urgente.mp3'>Interview d&rsquo;Arnaud Chneiweiss pour lecture Urgente<\/a><\/li>\t<\/ol>\n\t<\/noscript>\n\t<script type=\"application\/json\" class=\"wp-playlist-script\">{\"type\":\"audio\",\"tracklist\":true,\"tracknumbers\":true,\"images\":true,\"artists\":true,\"tracks\":[{\"src\":\"https:\/\/arnaudchneiweiss.com\/wp-content\/uploads\/2024\/04\/France_Bleu_Normandie_201008_leture_urgente.mp3\",\"type\":\"audio\/mpeg\",\"title\":\"Interview d'Arnaud Chneiweiss pour lecture Urgente\",\"caption\":\"\",\"description\":\"\\u003Ci\\u003EFrance_Bleu_Normandie_201008_leture_urgente\\u003C\/i\\u003E. Genre\\u00a0: Other.\",\"meta\":{\"genre\":\"Other\",\"length_formatted\":\"4:00\"},\"image\":{\"src\":\"https:\/\/arnaudchneiweiss.com\/wp-includes\/images\/media\/audio.svg\",\"width\":48,\"height\":64},\"thumb\":{\"src\":\"https:\/\/arnaudchneiweiss.com\/wp-includes\/images\/media\/audio.svg\",\"width\":48,\"height\":64}}]}<\/script>\n<\/div>\n\t<\/p>\t\t\t\t\t\t\t\t<\/div>\n\t\t\t\t<\/div>\n\t\t\t\t\t<\/div>\n\t\t<\/div>\n\t\t\t\t\t<\/div>\n\t\t<\/section>\n\t\t\t\t<\/div>","protected":false},"excerpt":{"rendered":"<p>Ere de l&rsquo;harmonie : les trois Esp\u00e8ces du Syst\u00e8me universel, Humains, Gurunja et Huruks, sont gouvern\u00e9s par des robots \u00e0 la rationalit\u00e9 angoissante. Xarius Folingen est envoy\u00e9 sur Terre pour rencontrer Wenia. Grain de sable pour le Syst\u00e8me, d\u00e9tentrice d&rsquo;une arme terrifiante, elle est aussi une femme exalt\u00e9e \u00e0 la sensualit\u00e9 br\u00fblante. Elle lui apprendra la violence des choix et la complexit\u00e9 de toute vie humaine. Lecture urgente est une \u00e9pop\u00e9e violente et romantique \u00e0 travers les si\u00e8cles et les plan\u00e8tes. Un roman puissant sur le pouvoir, la paix et la substance qui fonde l&rsquo;humanit\u00e9.<\/p>","protected":false},"featured_media":4155,"template":"","meta":[],"product_cat":[95],"product_tag":[118,117],"product_publisher":[116],"class_list":{"0":"post-4153","1":"product","2":"type-product","3":"status-publish","4":"has-post-thumbnail","6":"product_cat-science-fiction","7":"product_tag-environnement","8":"product_tag-science-fiction","9":"product_publisher-le-manuscrit","11":"first","12":"instock","13":"shipping-taxable","14":"product-type-external"},"_links":{"self":[{"href":"https:\/\/arnaudchneiweiss.com\/en\/wp-json\/wp\/v2\/product\/4153","targetHints":{"allow":["GET"]}}],"collection":[{"href":"https:\/\/arnaudchneiweiss.com\/en\/wp-json\/wp\/v2\/product"}],"about":[{"href":"https:\/\/arnaudchneiweiss.com\/en\/wp-json\/wp\/v2\/types\/product"}],"version-history":[{"count":12,"href":"https:\/\/arnaudchneiweiss.com\/en\/wp-json\/wp\/v2\/product\/4153\/revisions"}],"predecessor-version":[{"id":4355,"href":"https:\/\/arnaudchneiweiss.com\/en\/wp-json\/wp\/v2\/product\/4153\/revisions\/4355"}],"wp:featuredmedia":[{"embeddable":true,"href":"https:\/\/arnaudchneiweiss.com\/en\/wp-json\/wp\/v2\/media\/4155"}],"wp:attachment":[{"href":"https:\/\/arnaudchneiweiss.com\/en\/wp-json\/wp\/v2\/media?parent=4153"}],"wp:term":[{"taxonomy":"product_cat","embeddable":true,"href":"https:\/\/arnaudchneiweiss.com\/en\/wp-json\/wp\/v2\/product_cat?post=4153"},{"taxonomy":"product_tag","embeddable":true,"href":"https:\/\/arnaudchneiweiss.com\/en\/wp-json\/wp\/v2\/product_tag?post=4153"},{"taxonomy":"product_publisher","embeddable":true,"href":"https:\/\/arnaudchneiweiss.com\/en\/wp-json\/wp\/v2\/product_publisher?post=4153"}],"curies":[{"name":"wp","href":"https:\/\/api.w.org\/{rel}","templated":true}]}}